{"id":71,"date":"2022-03-31T21:54:26","date_gmt":"2022-03-31T19:54:26","guid":{"rendered":"https:\/\/kukajdawear.cz\/?page_id=71"},"modified":"2022-03-31T22:43:12","modified_gmt":"2022-03-31T20:43:12","slug":"vitejte-u-kukajdy","status":"publish","type":"page","link":"https:\/\/kukajdawear.cz\/","title":{"rendered":""},"content":{"rendered":"\n<h2 class=\"alignfull\"><strong><em>M\u00fdm c\u00edlem je vn\u00e9st do va\u0161eho \u0161atn\u00edku trochu hravosti a barev<\/em><\/strong><\/h2>\n\n\n\n<p class=\"has-text-align-right\"><em>Va\u0161e Kukajda WEAR<\/em><\/p>\n","protected":false},"excerpt":{"rendered":"<p>M\u00fdm c\u00edlem je vn\u00e9st do va\u0161eho \u0161atn\u00edku trochu hravosti a barev Va\u0161e Kukajda WEAR<\/p>\n","protected":false},"author":2,"featured_media":0,"parent":0,"menu_order":0,"comment_status":"closed","ping_status":"closed","template":"template-homepage.php","meta":[],"_links":{"self":[{"href":"https:\/\/kukajdawear.cz\/index.php?rest_route=\/wp\/v2\/pages\/71"}],"collection":[{"href":"https:\/\/kukajdawear.cz\/index.php?rest_route=\/wp\/v2\/pages"}],"about":[{"href":"https:\/\/kukajdawear.cz\/index.php?rest_route=\/wp\/v2\/types\/page"}],"author":[{"embeddable":true,"href":"https:\/\/kukajdawear.cz\/index.php?rest_route=\/wp\/v2\/users\/2"}],"replies":[{"embeddable":true,"href":"https:\/\/kukajdawear.cz\/index.php?rest_route=%2Fwp%2Fv2%2Fcomments&post=71"}],"version-history":[{"count":12,"href":"https:\/\/kukajdawear.cz\/index.php?rest_route=\/wp\/v2\/pages\/71\/revisions"}],"predecessor-version":[{"id":102,"href":"https:\/\/kukajdawear.cz\/index.php?rest_route=\/wp\/v2\/pages\/71\/revisions\/102"}],"wp:attachment":[{"href":"https:\/\/kukajdawear.cz\/index.php?rest_route=%2Fwp%2Fv2%2Fmedia&parent=71"}],"curies":[{"name":"wp","href":"https:\/\/api.w.org\/{rel}","templated":true}]}}